{"id":611,"date":"2020-11-16T20:02:49","date_gmt":"2020-11-16T19:02:49","guid":{"rendered":"https:\/\/firm-transport.cz\/?page_id=611"},"modified":"2023-03-07T12:54:52","modified_gmt":"2023-03-07T11:54:52","slug":"dekujeme","status":"publish","type":"page","link":"https:\/\/firm-transport.cz\/en\/dekujeme\/","title":{"rendered":"D\u011aKUJEME"},"content":{"rendered":"\n<p>D\u011bkujeme za Va\u0161\u00ed objedn\u00e1vku. Do Va\u0161eho emailu obdr\u017e\u00edte potvrzen\u00ed o rezervaci.<\/p>\n\n\n\n<p><br>S \u00factou<\/p>\n\n\n\n<p>Firm Transport<\/p>\n","protected":false},"excerpt":{"rendered":"<p>D\u011bkujeme za Va\u0161\u00ed objedn\u00e1vku. Do Va\u0161eho emailu obdr\u017e\u00edte potvrzen\u00ed o rezervaci. S \u00factou Firm Transport<\/p>\n","protected":false},"author":1,"featured_media":0,"parent":0,"menu_order":999,"comment_status":"closed","ping_status":"closed","template":"","meta":{"footnotes":""},"class_list":["post-611","page","type-page","status-publish","hentry"],"yoast_head":"<!-- This site is optimized with the Yoast SEO plugin v26.8 - https:\/\/yoast.com\/product\/yoast-seo-wordpress\/ -->\n<title>D\u011aKUJEME<\/title>\n<meta name=\"robots\" content=\"index, follow, max-snippet:-1, max-image-preview:large, max-video-preview:-1\" \/>\n<link rel=\"canonical\" href=\"https:\/\/firm-transport.cz\/en\/dekujeme\/\" \/>\n<meta property=\"og:locale\" content=\"en_US\" \/>\n<meta property=\"og:locale:alternate\" content=\"cs_CZ\" \/>\n<meta property=\"og:type\" content=\"article\" \/>\n<meta property=\"og:title\" content=\"D\u011aKUJEME\" \/>\n<meta property=\"og:description\" content=\"D\u011bkujeme za Va\u0161\u00ed objedn\u00e1vku. Do Va\u0161eho emailu obdr\u017e\u00edte potvrzen\u00ed o rezervaci. S \u00factou Firm Transport\" \/>\n<meta property=\"og:url\" content=\"https:\/\/firm-transport.cz\/en\/dekujeme\/\" \/>\n<meta property=\"og:site_name\" content=\"Firm-Transport\" \/>\n<meta property=\"article:publisher\" content=\"https:\/\/www.facebook.com\/Corporate.and.personal.transportation.services\" \/>\n<meta property=\"article:modified_time\" content=\"2023-03-07T11:54:52+00:00\" \/>\n<meta name=\"twitter:card\" content=\"summary_large_image\" \/>\n<meta name=\"twitter:label1\" content=\"Est. reading time\" \/>\n\t<meta name=\"twitter:data1\" content=\"1 minute\" \/>\n<script type=\"application\/ld+json\" class=\"yoast-schema-graph\">{\"@context\":\"https:\/\/schema.org\",\"@graph\":[{\"@type\":\"WebPage\",\"@id\":\"https:\/\/firm-transport.cz\/dekujeme\/\",\"url\":\"https:\/\/firm-transport.cz\/dekujeme\/\",\"name\":\"D\u011aKUJEME\",\"isPartOf\":{\"@id\":\"https:\/\/firm-transport.cz\/#website\"},\"datePublished\":\"2020-11-16T19:02:49+00:00\",\"dateModified\":\"2023-03-07T11:54:52+00:00\",\"inLanguage\":\"en-US\",\"potentialAction\":[{\"@type\":\"ReadAction\",\"target\":[\"https:\/\/firm-transport.cz\/dekujeme\/\"]}]},{\"@type\":\"WebSite\",\"@id\":\"https:\/\/firm-transport.cz\/#website\",\"url\":\"https:\/\/firm-transport.cz\/\",\"name\":\"Firm-Transport\",\"description\":\"Contractual transport of persons\",\"publisher\":{\"@id\":\"https:\/\/firm-transport.cz\/#organization\"},\"potentialAction\":[{\"@type\":\"SearchAction\",\"target\":{\"@type\":\"EntryPoint\",\"urlTemplate\":\"https:\/\/firm-transport.cz\/?s={search_term_string}\"},\"query-input\":{\"@type\":\"PropertyValueSpecification\",\"valueRequired\":true,\"valueName\":\"search_term_string\"}}],\"inLanguage\":\"en-US\"},{\"@type\":\"Organization\",\"@id\":\"https:\/\/firm-transport.cz\/#organization\",\"name\":\"Firm-Transport\",\"url\":\"https:\/\/firm-transport.cz\/\",\"logo\":{\"@type\":\"ImageObject\",\"inLanguage\":\"en-US\",\"@id\":\"https:\/\/firm-transport.cz\/#\/schema\/logo\/image\/\",\"url\":\"https:\/\/firm-transport.cz\/wp-content\/uploads\/2021\/02\/Logo-cerna-na-youtube.png\",\"contentUrl\":\"https:\/\/firm-transport.cz\/wp-content\/uploads\/2021\/02\/Logo-cerna-na-youtube.png\",\"width\":739,\"height\":732,\"caption\":\"Firm-Transport\"},\"image\":{\"@id\":\"https:\/\/firm-transport.cz\/#\/schema\/logo\/image\/\"},\"sameAs\":[\"https:\/\/www.facebook.com\/Corporate.and.personal.transportation.services\",\"https:\/\/www.linkedin.com\/company\/18340384\/admin\/\",\"https:\/\/www.youtube.com\/channel\/UCljIHbqVIqSQTSmoa9MgeDA\"]}]}<\/script>\n<!-- \/ Yoast SEO plugin. -->","yoast_head_json":{"title":"D\u011aKUJEME","robots":{"index":"index","follow":"follow","max-snippet":"max-snippet:-1","max-image-preview":"max-image-preview:large","max-video-preview":"max-video-preview:-1"},"canonical":"https:\/\/firm-transport.cz\/en\/dekujeme\/","og_locale":"en_US","og_type":"article","og_title":"[:cs]D\u011aKUJEME[:] - Firm-Transport","og_description":"D\u011bkujeme za Va\u0161\u00ed objedn\u00e1vku. Do Va\u0161eho emailu obdr\u017e\u00edte potvrzen\u00ed o rezervaci. S \u00factou Firm Transport","og_url":"https:\/\/firm-transport.cz\/en\/dekujeme\/","og_site_name":"Firm-Transport","article_publisher":"https:\/\/www.facebook.com\/Corporate.and.personal.transportation.services","article_modified_time":"2023-03-07T11:54:52+00:00","twitter_card":"summary_large_image","twitter_misc":{"Est. reading time":"1 minute"},"schema":{"@context":"https:\/\/schema.org","@graph":[{"@type":"WebPage","@id":"https:\/\/firm-transport.cz\/dekujeme\/","url":"https:\/\/firm-transport.cz\/dekujeme\/","name":"D\u011aKUJEME","isPartOf":{"@id":"https:\/\/firm-transport.cz\/#website"},"datePublished":"2020-11-16T19:02:49+00:00","dateModified":"2023-03-07T11:54:52+00:00","inLanguage":"en-US","potentialAction":[{"@type":"ReadAction","target":["https:\/\/firm-transport.cz\/dekujeme\/"]}]},{"@type":"WebSite","@id":"https:\/\/firm-transport.cz\/#website","url":"https:\/\/firm-transport.cz\/","name":"Firm-Transport","description":"Contractual transport of persons","publisher":{"@id":"https:\/\/firm-transport.cz\/#organization"},"potentialAction":[{"@type":"SearchAction","target":{"@type":"EntryPoint","urlTemplate":"https:\/\/firm-transport.cz\/?s={search_term_string}"},"query-input":{"@type":"PropertyValueSpecification","valueRequired":true,"valueName":"search_term_string"}}],"inLanguage":"en-US"},{"@type":"Organization","@id":"https:\/\/firm-transport.cz\/#organization","name":"Firm-Transport","url":"https:\/\/firm-transport.cz\/","logo":{"@type":"ImageObject","inLanguage":"en-US","@id":"https:\/\/firm-transport.cz\/#\/schema\/logo\/image\/","url":"https:\/\/firm-transport.cz\/wp-content\/uploads\/2021\/02\/Logo-cerna-na-youtube.png","contentUrl":"https:\/\/firm-transport.cz\/wp-content\/uploads\/2021\/02\/Logo-cerna-na-youtube.png","width":739,"height":732,"caption":"Firm-Transport"},"image":{"@id":"https:\/\/firm-transport.cz\/#\/schema\/logo\/image\/"},"sameAs":["https:\/\/www.facebook.com\/Corporate.and.personal.transportation.services","https:\/\/www.linkedin.com\/company\/18340384\/admin\/","https:\/\/www.youtube.com\/channel\/UCljIHbqVIqSQTSmoa9MgeDA"]}]}},"_links":{"self":[{"href":"https:\/\/firm-transport.cz\/en\/wp-json\/wp\/v2\/pages\/611","targetHints":{"allow":["GET"]}}],"collection":[{"href":"https:\/\/firm-transport.cz\/en\/wp-json\/wp\/v2\/pages"}],"about":[{"href":"https:\/\/firm-transport.cz\/en\/wp-json\/wp\/v2\/types\/page"}],"author":[{"embeddable":true,"href":"https:\/\/firm-transport.cz\/en\/wp-json\/wp\/v2\/users\/1"}],"replies":[{"embeddable":true,"href":"https:\/\/firm-transport.cz\/en\/wp-json\/wp\/v2\/comments?post=611"}],"version-history":[{"count":3,"href":"https:\/\/firm-transport.cz\/en\/wp-json\/wp\/v2\/pages\/611\/revisions"}],"predecessor-version":[{"id":615,"href":"https:\/\/firm-transport.cz\/en\/wp-json\/wp\/v2\/pages\/611\/revisions\/615"}],"wp:attachment":[{"href":"https:\/\/firm-transport.cz\/en\/wp-json\/wp\/v2\/media?parent=611"}],"curies":[{"name":"wp","href":"https:\/\/api.w.org\/{rel}","templated":true}]}}