{"id":17,"date":"2020-10-21T08:44:02","date_gmt":"2020-10-21T06:44:02","guid":{"rendered":"https:\/\/firm-transport.cz\/?page_id=17"},"modified":"2023-03-07T12:53:02","modified_gmt":"2023-03-07T11:53:02","slug":"osetreni-vaseho-vozu","status":"publish","type":"page","link":"https:\/\/firm-transport.cz\/en\/bactakleen\/osetreni-vaseho-vozu\/","title":{"rendered":"ZA P\u00c1R MINUT, 2 M\u011aS\u00cdCE BEZ STAROST\u00cd"},"content":{"rendered":"\n<div style=\"height:40px\" aria-hidden=\"true\" class=\"wp-block-spacer\"><\/div>\n\n\n\n<div class=\"wp-block-media-text is-stacked-on-mobile is-vertically-aligned-center\" id=\"service\"><figure class=\"wp-block-media-text__media\"><img loading=\"lazy\" decoding=\"async\" width=\"900\" height=\"532\" src=\"https:\/\/firm-transport.cz\/wp-content\/uploads\/2020\/10\/covid_01.png\" alt=\"\" class=\"wp-image-284 size-full\" srcset=\"https:\/\/firm-transport.cz\/wp-content\/uploads\/2020\/10\/covid_01.png 900w, https:\/\/firm-transport.cz\/wp-content\/uploads\/2020\/10\/covid_01-300x177.png 300w, https:\/\/firm-transport.cz\/wp-content\/uploads\/2020\/10\/covid_01-768x454.png 768w\" sizes=\"auto, (max-width: 900px) 100vw, 900px\" \/><\/figure><div class=\"wp-block-media-text__content\">\n<h2 class=\"wp-block-heading\">ZA P\u00c1R MINUT <br><strong>2 M\u011aS\u00cdCE BEZ STAROST\u00cd<\/strong><\/h2>\n\n\n\n<div style=\"height:20px\" aria-hidden=\"true\" class=\"wp-block-spacer\"><\/div>\n\n\n\n<p>Nemus\u00edte nikam jezdit a o nic se starat. V\u0161e vy\u0159e\u0161\u00edme na m\u00edst\u011b a p\u0159izp\u016fsob\u00edme se Va\u0161\u00ed \u010dasov\u00e9 dostupnosti a n\u00e1ro\u010dnosti.<\/p>\n\n\n\n<p class=\"has-text-color\" style=\"color:#e6c07e\">Jste u kade\u0159n\u00edka, nebo m\u00e1te smluvenou sch\u016fzku? Nevad\u00ed, vyu\u017eijte tento \u010das hned 2x, p\u0159ijedeme za V\u00e1mi kamkoliv a provedeme pln\u00e9 o\u0161et\u0159en\u00ed Va\u0161eho vozu.<\/p>\n\n\n\n<p>V\u011bnujte n\u00e1m 5 minut Va\u0161eho \u010dasu, my v\u011bnujeme 30 minut Va\u0161emu autu a budete jezdit ve voze bez bakteri\u00ed a vir\u016f.<\/p>\n\n\n\n<p class=\"has-text-color\" style=\"color:#e6c07e\">Vyu\u017eijte t\u00e9to nab\u00eddky je\u0161t\u011b dnes! Cestujte zdrav\u011bji a za\u010dn\u011bte hned u sv\u00e9ho vozu. <\/p>\n<\/div><\/div>\n\n\n\n<div style=\"height:50px\" aria-hidden=\"true\" class=\"wp-block-spacer\"><\/div>\n\n\n\n<div class=\"wp-block-columns are-vertically-aligned-center is-layout-flex wp-container-core-columns-is-layout-1 wp-block-columns-is-layout-flex\">\n<div class=\"wp-block-column is-vertically-aligned-center is-layout-flow wp-block-column-is-layout-flow\">\n<h2 class=\"has-text-align-left wp-block-heading\">JAK TO CEL\u00c9 FUNGUJE<br><strong>A JAK\u00c9 JSOU V\u00ddHODY?<\/strong><\/h2>\n\n\n\n<div style=\"height:20px\" aria-hidden=\"true\" class=\"wp-block-spacer\"><\/div>\n\n\n\n<p><strong>Profesion\u00e1ln\u00edm<\/strong>&nbsp;p\u0159\u00edstrojem p\u0159em\u011bn\u00edme koncentrovan\u00fd roztok do ultrajemn\u00e9 mlhy, obsahuj\u00edc\u00ed stovky milion\u016f mikroskopick\u00fdch \u010d\u00e1stic, kter\u00e9 vypln\u00ed cel\u00fd prostor a dokonale proniknou do&nbsp;ka\u017ed\u00e9 skulinky. Ve voze nez\u016fstanou \u017e\u00e1dn\u00e9 \u010d\u00e1ste\u010dky nebo zne\u010di\u0161t\u011bn\u00ed, pouze&nbsp;<strong>p\u0159\u00edjemn\u00e1 v\u016fn\u011b<\/strong>.<\/p>\n\n\n\n<ul class=\"wp-block-list\">\n<li>ni\u010d\u00ed 99,9% bakteri\u00ed, pl\u00edsn\u00ed a z\u00e1rodk\u016f hub<\/li>\n\n\n\n<li>je bezpe\u010dn\u00e1, netoxick\u00e1, \u010dist\u011b herb\u00e1ln\u00edho slo\u017een\u00ed<\/li>\n\n\n\n<li>zlep\u0161uje kvalitu ovzdu\u0161\u00ed a sni\u017euje nep\u0159\u00edjemn\u00e9 pachy<\/li>\n\n\n\n<li>pom\u00e1h\u00e1 l\u00e9pe d\u00fdchat jednotlivc\u016fm s respira\u010dn\u00edmi pot\u00ed\u017eemi, jako jsou alergie, citlivost na chemick\u00e9 p\u0159\u00edpravky a astma<\/li>\n\n\n\n<li>odstra\u0148uje tvorbu bakteri\u00e1ln\u00edch koloni\u00ed<\/li>\n\n\n\n<li>zlep\u0161uje \u00fa\u010dinnost klimatizac\u00ed, t\u00edm sni\u017euje n\u00e1klady<\/li>\n\n\n\n<li>ov\u011b\u0159eno testy proveden\u00fdmi laborato\u0159emi Chemlab, T\u00dcV, SIRIM a SGS<\/li>\n\n\n\n<li>V\u00fdznamn\u011b sni\u017euje \u0161\u00ed\u0159en\u00ed nemoci COVID-19<\/li>\n\n\n\n<li>Okam\u017eit\u00e1 a dlouhotrvaj\u00edc\u00ed ochrana proti bakteri\u00edm a vir\u016fm<\/li>\n<\/ul>\n<\/div>\n\n\n\n<div class=\"wp-block-column is-vertically-aligned-center is-layout-flow wp-block-column-is-layout-flow\">\n<figure class=\"wp-block-image size-large is-style-default\"><img loading=\"lazy\" decoding=\"async\" width=\"700\" height=\"704\" src=\"https:\/\/firm-transport.cz\/wp-content\/uploads\/2020\/10\/machine_man.png\" alt=\"\" class=\"wp-image-311\" srcset=\"https:\/\/firm-transport.cz\/wp-content\/uploads\/2020\/10\/machine_man.png 700w, https:\/\/firm-transport.cz\/wp-content\/uploads\/2020\/10\/machine_man-298x300.png 298w, https:\/\/firm-transport.cz\/wp-content\/uploads\/2020\/10\/machine_man-150x150.png 150w\" sizes=\"auto, (max-width: 700px) 100vw, 700px\" \/><\/figure>\n<\/div>\n<\/div>\n\n\n\n<div style=\"height:60px\" aria-hidden=\"true\" class=\"wp-block-spacer\"><\/div>\n\n\n\n<div class=\"wp-block-columns is-layout-flex wp-container-core-columns-is-layout-2 wp-block-columns-is-layout-flex\">\n<div class=\"wp-block-column is-layout-flow wp-block-column-is-layout-flow\" style=\"flex-basis:25%\"><\/div>\n\n\n\n<div class=\"wp-block-column is-layout-flow wp-block-column-is-layout-flow\" style=\"flex-basis:50%\">\n<figure class=\"wp-block-embed is-type-video is-provider-youtube wp-block-embed-youtube wp-embed-aspect-16-9 wp-has-aspect-ratio\"><div class=\"wp-block-embed__wrapper\">\n<iframe loading=\"lazy\" title=\"O\u0161et\u0159en\u00ed Bactakleen ve voze\" width=\"500\" height=\"281\" src=\"https:\/\/www.youtube.com\/embed\/MVdp3iMqSRg?feature=oembed\" frameborder=\"0\" allow=\"accelerometer; autoplay; clipboard-write; encrypted-media; gyroscope; picture-in-picture; web-share\" referrerpolicy=\"strict-origin-when-cross-origin\" allowfullscreen><\/iframe>\n<\/div><\/figure>\n<\/div>\n\n\n\n<div class=\"wp-block-column is-layout-flow wp-block-column-is-layout-flow\" style=\"flex-basis:25%\"><\/div>\n<\/div>\n\n\n\n<div style=\"height:100px\" aria-hidden=\"true\" class=\"wp-block-spacer\"><\/div>\n\n\n\n<div class=\"wp-block-columns is-layout-flex wp-container-core-columns-is-layout-3 wp-block-columns-is-layout-flex\">\n<div class=\"wp-block-column is-layout-flow wp-block-column-is-layout-flow\">\n<h2 class=\"wp-block-heading\">OBJEDNEJTE TELEFONICKY<br><strong>NEBO EMAILEM<\/strong><\/h2>\n\n\n\n<div class=\"menu-kontaktni-menu-osobni-preprava-container\"><ul id=\"menu-kontaktni-menu-osobni-preprava\" class=\"speed-menu-contact\"><li id=\"menu-item-36\" class=\"menu-item menu-item-type-custom menu-item-object-custom menu-item-36\"><a href=\"tel:+420775206600\"><i style=\"font-size:1em;\" class=\"wpmi-icon wpmi-label-0 wpmi-position-before wpmi-align-middle wpmi-size-1 icon_phone\"><\/i><span class=\"name_of_current_page\">+420 775 206 600<\/span><p class=\"menu-item-description\">Call us<\/p><\/a><\/li>\n<li id=\"menu-item-37\" class=\"menu-item menu-item-type-custom menu-item-object-custom menu-item-37\"><a href=\"mailto:info@firm-transport.cz\"><i style=\"font-size:1em;\" class=\"wpmi-icon wpmi-label-0 wpmi-position-before wpmi-align-middle wpmi-size-1 icon_mail\"><\/i><span class=\"name_of_current_page\">info@firm-transport.cz<\/span><p class=\"menu-item-description\">Send e-mail<\/p><\/a><\/li>\n<li id=\"menu-item-38\" class=\"menu-item menu-item-type-custom menu-item-object-custom menu-item-38\"><a target=\"_blank\" href=\"https:\/\/www.google.com\/maps\/dir\/\/Tenisov%C3%A1+849%2F5,+102+00+Praha+15-Hostiva%C5%99\/@50.0495381,14.5430223,19z\/data=!4m9!4m8!1m0!1m5!1m1!1s0x470b927b55f812fd:0xb14931960df1f81d!2m2!1d14.5430752!2d50.0496952!3e0?hl=cs-CZ&#038;entry=ttu\"><i style=\"font-size:1em;\" class=\"wpmi-icon wpmi-label-0 wpmi-position-before wpmi-align-middle wpmi-size-1 icon_pin\"><\/i><span class=\"name_of_current_page\">MH Firm-Transport s.r.o.<\/span><p class=\"menu-item-description\">Visit us<\/p><\/a><\/li>\n<\/ul><\/div>\n<\/div>\n\n\n\n<div class=\"wp-block-column is-layout-flow wp-block-column-is-layout-flow\">\n<h2 class=\"has-text-align-left wp-block-heading\">REZERVACE BACTAKLEEN<br><strong>ONLINE <\/strong><\/h2>\n\n\n\n<p class=\"has-text-color\" style=\"color:#e6c07e\">O\u0161et\u0159en\u00ed jednoho vozu Bactakleen Ultramist za ak\u010dn\u00ed cenu 750,- K\u010d v\u010d. DPH a dopravy po Praze zdarma.<\/p>\n\n\n\n<p>Za p\u00e1r minut Va\u0161eho \u010dasu, z\u00edsk\u00e1te 2 m\u011bs\u00edce bez starost\u00ed.<\/p>\n\n\n\n<p class=\"has-text-color\" style=\"color:#e6c07e\">P\u0159ijedeme za V\u00e1mi kamkoliv.<\/p>\n\n\n\n<p>Doprava po Praze\u00a0<strong>ZDARMA<\/strong><br>Mno\u017estevn\u00ed <strong>SLEVY<\/strong><\/p>\n\n\n\n<p class=\"has-text-color\" style=\"color:#e6c07e\">V p\u0159\u00edpad\u011b z\u00e1jmu o o\u0161et\u0159en\u00ed v\u00edce voz\u016f nebo mimo Prahu. N\u00e1s pros\u00edm kontaktujte telefonicky nebo pi\u0161te (messenger, email, whatsapp).<\/p>\n\n\n\n<p>Akceptujeme v\u0161echny platebn\u00ed karty<br>Pro firmy mo\u017enost platby fakturou.<\/p>\n<\/div>\n<\/div>\n","protected":false},"excerpt":{"rendered":"<p>JAK TO CEL\u00c9 FUNGUJEA JAK\u00c9 JSOU V\u00ddHODY? Profesion\u00e1ln\u00edm&nbsp;p\u0159\u00edstrojem p\u0159em\u011bn\u00edme koncentrovan\u00fd roztok do ultrajemn\u00e9 mlhy, obsahuj\u00edc\u00ed stovky milion\u016f mikroskopick\u00fdch \u010d\u00e1stic, kter\u00e9 vypln\u00ed cel\u00fd prostor a dokonale proniknou do&nbsp;ka\u017ed\u00e9 skulinky. Ve voze nez\u016fstanou \u017e\u00e1dn\u00e9 \u010d\u00e1ste\u010dky nebo zne\u010di\u0161t\u011bn\u00ed, pouze&nbsp;p\u0159\u00edjemn\u00e1 v\u016fn\u011b. OBJEDNEJTE TELEFONICKYNEBO EMAILEM REZERVACE BACTAKLEENONLINE O\u0161et\u0159en\u00ed jednoho vozu Bactakleen Ultramist za ak\u010dn\u00ed cenu 750,- K\u010d v\u010d. DPH a [&hellip;]<\/p>\n","protected":false},"author":1,"featured_media":0,"parent":463,"menu_order":10,"comment_status":"closed","ping_status":"closed","template":"page-covid.php","meta":{"footnotes":""},"class_list":["post-17","page","type-page","status-publish","hentry"],"yoast_head":"<!-- This site is optimized with the Yoast SEO plugin v26.8 - https:\/\/yoast.com\/product\/yoast-seo-wordpress\/ -->\n<title>O\u0161et\u0159en\u00ed vozu - p\u0159\u00edrodn\u00ed dezinfekce vozu, \u010dist\u00e9 auto, bezpe\u010dn\u00fd v\u016fz<\/title>\n<meta name=\"description\" content=\"Jedn\u00e1 se o prvn\u00ed herb\u00e1ln\u00ed technologii na sv\u011bt\u011b, ov\u011b\u0159enou testy Chemlab, Chemsil, T\u00dcV, SIRIM a SGS, kter\u00e1 zni\u010d\u00ed a\u017e 99,9% bakteri\u00ed, vir\u016f, pl\u00edsn\u00ed a spor hub v uzav\u0159en\u00fdch prostor\u00e1ch a klimatizac\u00edch, a\u017e na 8 t\u00fddn\u016f.\" \/>\n<meta name=\"robots\" content=\"index, follow, max-snippet:-1, max-image-preview:large, max-video-preview:-1\" \/>\n<link rel=\"canonical\" href=\"https:\/\/firm-transport.cz\/en\/bactakleen\/osetreni-vaseho-vozu\/\" \/>\n<meta property=\"og:locale\" content=\"en_US\" \/>\n<meta property=\"og:locale:alternate\" content=\"cs_CZ\" \/>\n<meta property=\"og:type\" content=\"article\" \/>\n<meta property=\"og:title\" content=\"O\u0161et\u0159en\u00ed vozu - p\u0159\u00edrodn\u00ed dezinfekce vozu, \u010dist\u00e9 auto, bezpe\u010dn\u00fd v\u016fz\" \/>\n<meta property=\"og:description\" content=\"Jedn\u00e1 se o prvn\u00ed herb\u00e1ln\u00ed technologii na sv\u011bt\u011b, ov\u011b\u0159enou testy Chemlab, Chemsil, T\u00dcV, SIRIM a SGS, kter\u00e1 zni\u010d\u00ed a\u017e 99,9% bakteri\u00ed, vir\u016f, pl\u00edsn\u00ed a spor hub v uzav\u0159en\u00fdch prostor\u00e1ch a klimatizac\u00edch, a\u017e na 8 t\u00fddn\u016f.\" \/>\n<meta property=\"og:url\" content=\"https:\/\/firm-transport.cz\/en\/bactakleen\/osetreni-vaseho-vozu\/\" \/>\n<meta property=\"og:site_name\" content=\"Firm-Transport\" \/>\n<meta property=\"article:publisher\" content=\"https:\/\/www.facebook.com\/Corporate.and.personal.transportation.services\" \/>\n<meta property=\"article:modified_time\" content=\"2023-03-07T11:53:02+00:00\" \/>\n<meta property=\"og:image\" content=\"https:\/\/firm-transport.cz\/wp-content\/uploads\/2020\/10\/covid_01.png\" \/>\n<meta name=\"twitter:card\" content=\"summary_large_image\" \/>\n<meta name=\"twitter:label1\" content=\"Est. reading time\" \/>\n\t<meta name=\"twitter:data1\" content=\"2 minutes\" \/>\n<script type=\"application\/ld+json\" class=\"yoast-schema-graph\">{\"@context\":\"https:\/\/schema.org\",\"@graph\":[{\"@type\":\"WebPage\",\"@id\":\"https:\/\/firm-transport.cz\/bactakleen\/osetreni-vaseho-vozu\/\",\"url\":\"https:\/\/firm-transport.cz\/bactakleen\/osetreni-vaseho-vozu\/\",\"name\":\"O\u0161et\u0159en\u00ed vozu - p\u0159\u00edrodn\u00ed dezinfekce vozu, \u010dist\u00e9 auto, bezpe\u010dn\u00fd v\u016fz\",\"isPartOf\":{\"@id\":\"https:\/\/firm-transport.cz\/#website\"},\"primaryImageOfPage\":{\"@id\":\"https:\/\/firm-transport.cz\/bactakleen\/osetreni-vaseho-vozu\/#primaryimage\"},\"image\":{\"@id\":\"https:\/\/firm-transport.cz\/bactakleen\/osetreni-vaseho-vozu\/#primaryimage\"},\"thumbnailUrl\":\"https:\/\/firm-transport.cz\/wp-content\/uploads\/2020\/10\/covid_01.png\",\"datePublished\":\"2020-10-21T06:44:02+00:00\",\"dateModified\":\"2023-03-07T11:53:02+00:00\",\"description\":\"Jedn\u00e1 se o prvn\u00ed herb\u00e1ln\u00ed technologii na sv\u011bt\u011b, ov\u011b\u0159enou testy Chemlab, Chemsil, T\u00dcV, SIRIM a SGS, kter\u00e1 zni\u010d\u00ed a\u017e 99,9% bakteri\u00ed, vir\u016f, pl\u00edsn\u00ed a spor hub v uzav\u0159en\u00fdch prostor\u00e1ch a klimatizac\u00edch, a\u017e na 8 t\u00fddn\u016f.\",\"breadcrumb\":{\"@id\":\"https:\/\/firm-transport.cz\/bactakleen\/osetreni-vaseho-vozu\/#breadcrumb\"},\"inLanguage\":\"en-US\",\"potentialAction\":[{\"@type\":\"ReadAction\",\"target\":[\"https:\/\/firm-transport.cz\/bactakleen\/osetreni-vaseho-vozu\/\"]}]},{\"@type\":\"ImageObject\",\"inLanguage\":\"en-US\",\"@id\":\"https:\/\/firm-transport.cz\/bactakleen\/osetreni-vaseho-vozu\/#primaryimage\",\"url\":\"https:\/\/firm-transport.cz\/wp-content\/uploads\/2020\/10\/covid_01.png\",\"contentUrl\":\"https:\/\/firm-transport.cz\/wp-content\/uploads\/2020\/10\/covid_01.png\"},{\"@type\":\"BreadcrumbList\",\"@id\":\"https:\/\/firm-transport.cz\/bactakleen\/osetreni-vaseho-vozu\/#breadcrumb\",\"itemListElement\":[{\"@type\":\"ListItem\",\"position\":1,\"name\":\"BACTAKLEEN\",\"item\":\"https:\/\/firm-transport.cz\/bactakleen\/\"},{\"@type\":\"ListItem\",\"position\":2,\"name\":\"ZA P\u00c1R MINUT, 2 M\u011aS\u00cdCE BEZ STAROST\u00cd\"}]},{\"@type\":\"WebSite\",\"@id\":\"https:\/\/firm-transport.cz\/#website\",\"url\":\"https:\/\/firm-transport.cz\/\",\"name\":\"Firm-Transport\",\"description\":\"Contractual transport of persons\",\"publisher\":{\"@id\":\"https:\/\/firm-transport.cz\/#organization\"},\"potentialAction\":[{\"@type\":\"SearchAction\",\"target\":{\"@type\":\"EntryPoint\",\"urlTemplate\":\"https:\/\/firm-transport.cz\/?s={search_term_string}\"},\"query-input\":{\"@type\":\"PropertyValueSpecification\",\"valueRequired\":true,\"valueName\":\"search_term_string\"}}],\"inLanguage\":\"en-US\"},{\"@type\":\"Organization\",\"@id\":\"https:\/\/firm-transport.cz\/#organization\",\"name\":\"Firm-Transport\",\"url\":\"https:\/\/firm-transport.cz\/\",\"logo\":{\"@type\":\"ImageObject\",\"inLanguage\":\"en-US\",\"@id\":\"https:\/\/firm-transport.cz\/#\/schema\/logo\/image\/\",\"url\":\"https:\/\/firm-transport.cz\/wp-content\/uploads\/2021\/02\/Logo-cerna-na-youtube.png\",\"contentUrl\":\"https:\/\/firm-transport.cz\/wp-content\/uploads\/2021\/02\/Logo-cerna-na-youtube.png\",\"width\":739,\"height\":732,\"caption\":\"Firm-Transport\"},\"image\":{\"@id\":\"https:\/\/firm-transport.cz\/#\/schema\/logo\/image\/\"},\"sameAs\":[\"https:\/\/www.facebook.com\/Corporate.and.personal.transportation.services\",\"https:\/\/www.linkedin.com\/company\/18340384\/admin\/\",\"https:\/\/www.youtube.com\/channel\/UCljIHbqVIqSQTSmoa9MgeDA\"]}]}<\/script>\n<!-- \/ Yoast SEO plugin. -->","yoast_head_json":{"title":"O\u0161et\u0159en\u00ed vozu - p\u0159\u00edrodn\u00ed dezinfekce vozu, \u010dist\u00e9 auto, bezpe\u010dn\u00fd v\u016fz","description":"Jedn\u00e1 se o prvn\u00ed herb\u00e1ln\u00ed technologii na sv\u011bt\u011b, ov\u011b\u0159enou testy Chemlab, Chemsil, T\u00dcV, SIRIM a SGS, kter\u00e1 zni\u010d\u00ed a\u017e 99,9% bakteri\u00ed, vir\u016f, pl\u00edsn\u00ed a spor hub v uzav\u0159en\u00fdch prostor\u00e1ch a klimatizac\u00edch, a\u017e na 8 t\u00fddn\u016f.","robots":{"index":"index","follow":"follow","max-snippet":"max-snippet:-1","max-image-preview":"max-image-preview:large","max-video-preview":"max-video-preview:-1"},"canonical":"https:\/\/firm-transport.cz\/en\/bactakleen\/osetreni-vaseho-vozu\/","og_locale":"en_US","og_type":"article","og_title":"O\u0161et\u0159en\u00ed vozu - p\u0159\u00edrodn\u00ed dezinfekce vozu, \u010dist\u00e9 auto, bezpe\u010dn\u00fd v\u016fz","og_description":"Jedn\u00e1 se o prvn\u00ed herb\u00e1ln\u00ed technologii na sv\u011bt\u011b, ov\u011b\u0159enou testy Chemlab, Chemsil, T\u00dcV, SIRIM a SGS, kter\u00e1 zni\u010d\u00ed a\u017e 99,9% bakteri\u00ed, vir\u016f, pl\u00edsn\u00ed a spor hub v uzav\u0159en\u00fdch prostor\u00e1ch a klimatizac\u00edch, a\u017e na 8 t\u00fddn\u016f.","og_url":"https:\/\/firm-transport.cz\/en\/bactakleen\/osetreni-vaseho-vozu\/","og_site_name":"Firm-Transport","article_publisher":"https:\/\/www.facebook.com\/Corporate.and.personal.transportation.services","article_modified_time":"2023-03-07T11:53:02+00:00","og_image":[{"url":"https:\/\/firm-transport.cz\/wp-content\/uploads\/2020\/10\/covid_01.png","type":"","width":"","height":""}],"twitter_card":"summary_large_image","twitter_misc":{"Est. reading time":"2 minutes"},"schema":{"@context":"https:\/\/schema.org","@graph":[{"@type":"WebPage","@id":"https:\/\/firm-transport.cz\/bactakleen\/osetreni-vaseho-vozu\/","url":"https:\/\/firm-transport.cz\/bactakleen\/osetreni-vaseho-vozu\/","name":"O\u0161et\u0159en\u00ed vozu - p\u0159\u00edrodn\u00ed dezinfekce vozu, \u010dist\u00e9 auto, bezpe\u010dn\u00fd v\u016fz","isPartOf":{"@id":"https:\/\/firm-transport.cz\/#website"},"primaryImageOfPage":{"@id":"https:\/\/firm-transport.cz\/bactakleen\/osetreni-vaseho-vozu\/#primaryimage"},"image":{"@id":"https:\/\/firm-transport.cz\/bactakleen\/osetreni-vaseho-vozu\/#primaryimage"},"thumbnailUrl":"https:\/\/firm-transport.cz\/wp-content\/uploads\/2020\/10\/covid_01.png","datePublished":"2020-10-21T06:44:02+00:00","dateModified":"2023-03-07T11:53:02+00:00","description":"Jedn\u00e1 se o prvn\u00ed herb\u00e1ln\u00ed technologii na sv\u011bt\u011b, ov\u011b\u0159enou testy Chemlab, Chemsil, T\u00dcV, SIRIM a SGS, kter\u00e1 zni\u010d\u00ed a\u017e 99,9% bakteri\u00ed, vir\u016f, pl\u00edsn\u00ed a spor hub v uzav\u0159en\u00fdch prostor\u00e1ch a klimatizac\u00edch, a\u017e na 8 t\u00fddn\u016f.","breadcrumb":{"@id":"https:\/\/firm-transport.cz\/bactakleen\/osetreni-vaseho-vozu\/#breadcrumb"},"inLanguage":"en-US","potentialAction":[{"@type":"ReadAction","target":["https:\/\/firm-transport.cz\/bactakleen\/osetreni-vaseho-vozu\/"]}]},{"@type":"ImageObject","inLanguage":"en-US","@id":"https:\/\/firm-transport.cz\/bactakleen\/osetreni-vaseho-vozu\/#primaryimage","url":"https:\/\/firm-transport.cz\/wp-content\/uploads\/2020\/10\/covid_01.png","contentUrl":"https:\/\/firm-transport.cz\/wp-content\/uploads\/2020\/10\/covid_01.png"},{"@type":"BreadcrumbList","@id":"https:\/\/firm-transport.cz\/bactakleen\/osetreni-vaseho-vozu\/#breadcrumb","itemListElement":[{"@type":"ListItem","position":1,"name":"BACTAKLEEN","item":"https:\/\/firm-transport.cz\/bactakleen\/"},{"@type":"ListItem","position":2,"name":"ZA P\u00c1R MINUT, 2 M\u011aS\u00cdCE BEZ STAROST\u00cd"}]},{"@type":"WebSite","@id":"https:\/\/firm-transport.cz\/#website","url":"https:\/\/firm-transport.cz\/","name":"Firm-Transport","description":"Contractual transport of persons","publisher":{"@id":"https:\/\/firm-transport.cz\/#organization"},"potentialAction":[{"@type":"SearchAction","target":{"@type":"EntryPoint","urlTemplate":"https:\/\/firm-transport.cz\/?s={search_term_string}"},"query-input":{"@type":"PropertyValueSpecification","valueRequired":true,"valueName":"search_term_string"}}],"inLanguage":"en-US"},{"@type":"Organization","@id":"https:\/\/firm-transport.cz\/#organization","name":"Firm-Transport","url":"https:\/\/firm-transport.cz\/","logo":{"@type":"ImageObject","inLanguage":"en-US","@id":"https:\/\/firm-transport.cz\/#\/schema\/logo\/image\/","url":"https:\/\/firm-transport.cz\/wp-content\/uploads\/2021\/02\/Logo-cerna-na-youtube.png","contentUrl":"https:\/\/firm-transport.cz\/wp-content\/uploads\/2021\/02\/Logo-cerna-na-youtube.png","width":739,"height":732,"caption":"Firm-Transport"},"image":{"@id":"https:\/\/firm-transport.cz\/#\/schema\/logo\/image\/"},"sameAs":["https:\/\/www.facebook.com\/Corporate.and.personal.transportation.services","https:\/\/www.linkedin.com\/company\/18340384\/admin\/","https:\/\/www.youtube.com\/channel\/UCljIHbqVIqSQTSmoa9MgeDA"]}]}},"_links":{"self":[{"href":"https:\/\/firm-transport.cz\/en\/wp-json\/wp\/v2\/pages\/17","targetHints":{"allow":["GET"]}}],"collection":[{"href":"https:\/\/firm-transport.cz\/en\/wp-json\/wp\/v2\/pages"}],"about":[{"href":"https:\/\/firm-transport.cz\/en\/wp-json\/wp\/v2\/types\/page"}],"author":[{"embeddable":true,"href":"https:\/\/firm-transport.cz\/en\/wp-json\/wp\/v2\/users\/1"}],"replies":[{"embeddable":true,"href":"https:\/\/firm-transport.cz\/en\/wp-json\/wp\/v2\/comments?post=17"}],"version-history":[{"count":160,"href":"https:\/\/firm-transport.cz\/en\/wp-json\/wp\/v2\/pages\/17\/revisions"}],"predecessor-version":[{"id":650,"href":"https:\/\/firm-transport.cz\/en\/wp-json\/wp\/v2\/pages\/17\/revisions\/650"}],"up":[{"embeddable":true,"href":"https:\/\/firm-transport.cz\/en\/wp-json\/wp\/v2\/pages\/463"}],"wp:attachment":[{"href":"https:\/\/firm-transport.cz\/en\/wp-json\/wp\/v2\/media?parent=17"}],"curies":[{"name":"wp","href":"https:\/\/api.w.org\/{rel}","templated":true}]}}