{"id":12,"date":"2020-10-21T08:40:33","date_gmt":"2020-10-21T06:40:33","guid":{"rendered":"https:\/\/firm-transport.cz\/?page_id=12"},"modified":"2020-11-13T09:40:49","modified_gmt":"2020-11-13T08:40:49","slug":"o-nas","status":"publish","type":"page","link":"https:\/\/firm-transport.cz\/en\/o-nas\/","title":{"rendered":"ABOUT US"},"content":{"rendered":"\n<div class=\"wp-block-media-text is-stacked-on-mobile is-image-fill animated fadeIn park\"><figure class=\"wp-block-media-text__media\" style=\"background-image:url(https:\/\/firm-transport.cz\/wp-content\/uploads\/2020\/10\/MARTIN_HAJEK.jpg);background-position:48% 24%\"><img loading=\"lazy\" decoding=\"async\" width=\"728\" height=\"1013\" src=\"https:\/\/firm-transport.cz\/wp-content\/uploads\/2020\/10\/MARTIN_HAJEK.jpg\" alt=\"\" class=\"wp-image-235\" srcset=\"https:\/\/firm-transport.cz\/wp-content\/uploads\/2020\/10\/MARTIN_HAJEK.jpg 728w, https:\/\/firm-transport.cz\/wp-content\/uploads\/2020\/10\/MARTIN_HAJEK-216x300.jpg 216w\" sizes=\"auto, (max-width: 728px) 100vw, 728px\" \/><\/figure><div class=\"wp-block-media-text__content\">\n<h2 class=\"wp-block-heading\">GET TO KNOW THE COMPANY<br>FIRM-TRANSPORT<\/h2>\n\n\n\n<div style=\"height:20px\" aria-hidden=\"true\" class=\"wp-block-spacer\"><\/div>\n\n\n\n<p class=\"has-text-color\" style=\"color:#e6c07e\">We believe that the best services are always done by people who enjoy it and therefore we only work with those who feel the same way. Today, our company, which counts and connects dozens of absolutely amazing people, we are still evolving for you and that is what sets us apart from others. We really care about you.<\/p>\n\n\n\n<p>Driving has literally changed my life and shown how amazing it is to do something that you enjoy and fulfill. It is even better to have someone to share with and that is why I still try to be in the field with colleagues and, of course, spend as much time as possible with you, our customers. Because it is you who are giving us the right direction we should take.<\/p>\n\n\n\n<div style=\"height:20px\" aria-hidden=\"true\" class=\"wp-block-spacer\"><\/div>\n\n\n\n<figure class=\"wp-block-table animated fadeIn\"><table><tbody><tr><td class=\"has-text-align-center\" data-align=\"center\">WITHOUT LANGUAGE BARRIERS,<br>WE SPEAK CZECH AND ENGLISH<\/td><td class=\"has-text-align-center\" data-align=\"center\">WE OWN COMFORTABLE<br>AND UNLAGED CARS<\/td><\/tr><tr><td class=\"has-text-align-center\" data-align=\"center\">FIXED PRICES, REGARDLESS FOR<br>HOLIDAYS, TIME AND TRAFFIC<\/td><td class=\"has-text-align-center\" data-align=\"center\">WE ACCEPT ALL<br>CREDIT CARDS<\/td><\/tr><\/tbody><\/table><\/figure>\n<\/div><\/div>\n\n\n\n<div style=\"height:100px\" aria-hidden=\"true\" class=\"wp-block-spacer\"><\/div>\n\n\n\n<h2 class=\"wp-block-heading\">OUR SIGNIFICANT CLIENTS,<br><strong>THAT MATTERS ON THEIR TRAVEL<\/strong><\/h2>\n\n\n\n<div style=\"height:20px\" aria-hidden=\"true\" class=\"wp-block-spacer\"><\/div>\n\n\n<style>.wp-block-kadence-advancedgallery .kb-gallery-type-grid.kb-gallery-id-_64a2b0-ed{margin:-0px;}.kb-gallery-type-grid.kb-gallery-id-_64a2b0-ed .kadence-blocks-gallery-item{padding:0px;}.kb-gallery-id-_64a2b0-ed .kadence-blocks-gallery-item .kb-gal-image-radius, .kb-gallery-id-_64a2b0-ed .kb-slide-item .kb-gal-image-radius img{border-radius:0px 0px 0px 0px;;}<\/style><div class=\"kb-gallery-wrap-id-_64a2b0-ed alignnone logos animated fadeIn wp-block-kadence-advancedgallery\"><ul class=\"kb-gallery-ul kb-gallery-non-static kb-gallery-type-grid kb-gallery-id-_64a2b0-ed kb-gallery-caption-style-bottom-hover kb-gallery-filter-none\" data-image-filter=\"none\" data-item-selector=\".kadence-blocks-gallery-item\" data-lightbox-caption=\"true\" data-columns-xxl=\"4\" data-columns-xl=\"4\" data-columns-md=\"4\" data-columns-sm=\"3\" data-columns-xs=\"2\" data-columns-ss=\"2\"><li class=\"kadence-blocks-gallery-item\" tabindex=\"0\"><div class=\"kadence-blocks-gallery-item-inner\"><figure class=\"kb-gallery-figure kadence-blocks-gallery-item-hide-caption\"><div class=\"kb-gal-image-radius\"><div class=\"kb-gallery-image-contain kadence-blocks-gallery-intrinsic kb-gallery-image-ratio-land32 kb-has-image-ratio-land32\" ><img loading=\"lazy\" decoding=\"async\" src=\"https:\/\/firm-transport.cz\/wp-content\/uploads\/2020\/10\/helenic.png\" width=\"600\" height=\"400\" alt=\"\" data-full-image=\"https:\/\/firm-transport.cz\/wp-content\/uploads\/2020\/10\/helenic.png\" data-light-image=\"https:\/\/firm-transport.cz\/wp-content\/uploads\/2020\/10\/helenic.png\" data-id=\"219\" class=\"wp-image-219\" srcset=\"https:\/\/firm-transport.cz\/wp-content\/uploads\/2020\/10\/helenic.png 600w, https:\/\/firm-transport.cz\/wp-content\/uploads\/2020\/10\/helenic-300x200.png 300w\" sizes=\"auto, (max-width: 600px) 100vw, 600px\" \/><\/div><\/div><\/figure><\/div><\/li><li class=\"kadence-blocks-gallery-item\" tabindex=\"0\"><div class=\"kadence-blocks-gallery-item-inner\"><figure class=\"kb-gallery-figure kadence-blocks-gallery-item-hide-caption\"><div class=\"kb-gal-image-radius\"><div class=\"kb-gallery-image-contain kadence-blocks-gallery-intrinsic kb-gallery-image-ratio-land32 kb-has-image-ratio-land32\" ><img loading=\"lazy\" decoding=\"async\" src=\"https:\/\/firm-transport.cz\/wp-content\/uploads\/2020\/10\/havel.png\" width=\"600\" height=\"400\" alt=\"\" data-full-image=\"https:\/\/firm-transport.cz\/wp-content\/uploads\/2020\/10\/havel.png\" data-light-image=\"https:\/\/firm-transport.cz\/wp-content\/uploads\/2020\/10\/havel.png\" data-id=\"218\" class=\"wp-image-218\" srcset=\"https:\/\/firm-transport.cz\/wp-content\/uploads\/2020\/10\/havel.png 600w, https:\/\/firm-transport.cz\/wp-content\/uploads\/2020\/10\/havel-300x200.png 300w\" sizes=\"auto, (max-width: 600px) 100vw, 600px\" \/><\/div><\/div><\/figure><\/div><\/li><li class=\"kadence-blocks-gallery-item\" tabindex=\"0\"><div class=\"kadence-blocks-gallery-item-inner\"><figure class=\"kb-gallery-figure kadence-blocks-gallery-item-hide-caption\"><div class=\"kb-gal-image-radius\"><div class=\"kb-gallery-image-contain kadence-blocks-gallery-intrinsic kb-gallery-image-ratio-land32 kb-has-image-ratio-land32\" ><img loading=\"lazy\" decoding=\"async\" src=\"https:\/\/firm-transport.cz\/wp-content\/uploads\/2020\/10\/cocacola.png\" width=\"600\" height=\"400\" alt=\"\" data-full-image=\"https:\/\/firm-transport.cz\/wp-content\/uploads\/2020\/10\/cocacola.png\" data-light-image=\"https:\/\/firm-transport.cz\/wp-content\/uploads\/2020\/10\/cocacola.png\" data-id=\"217\" class=\"wp-image-217\" srcset=\"https:\/\/firm-transport.cz\/wp-content\/uploads\/2020\/10\/cocacola.png 600w, https:\/\/firm-transport.cz\/wp-content\/uploads\/2020\/10\/cocacola-300x200.png 300w\" sizes=\"auto, (max-width: 600px) 100vw, 600px\" \/><\/div><\/div><\/figure><\/div><\/li><li class=\"kadence-blocks-gallery-item\" tabindex=\"0\"><div class=\"kadence-blocks-gallery-item-inner\"><figure class=\"kb-gallery-figure kadence-blocks-gallery-item-hide-caption\"><div class=\"kb-gal-image-radius\"><div class=\"kb-gallery-image-contain kadence-blocks-gallery-intrinsic kb-gallery-image-ratio-land32 kb-has-image-ratio-land32\" ><img loading=\"lazy\" decoding=\"async\" src=\"https:\/\/firm-transport.cz\/wp-content\/uploads\/2020\/10\/pg.png\" width=\"600\" height=\"400\" alt=\"\" data-full-image=\"https:\/\/firm-transport.cz\/wp-content\/uploads\/2020\/10\/pg.png\" data-light-image=\"https:\/\/firm-transport.cz\/wp-content\/uploads\/2020\/10\/pg.png\" data-id=\"220\" class=\"wp-image-220\" srcset=\"https:\/\/firm-transport.cz\/wp-content\/uploads\/2020\/10\/pg.png 600w, https:\/\/firm-transport.cz\/wp-content\/uploads\/2020\/10\/pg-300x200.png 300w\" sizes=\"auto, (max-width: 600px) 100vw, 600px\" \/><\/div><\/div><\/figure><\/div><\/li><\/ul><\/div>\n\n\n<div style=\"height:100px\" aria-hidden=\"true\" class=\"wp-block-spacer\"><\/div>\n\n\n\n<h2 class=\"wp-block-heading\" id=\"tw-target-text\">MARKETING EVERGREEN? <br><strong>THESE ARE OUR VALUES, MAKE SURE YOURSELF<\/strong><\/h2>\n\n\n\n<div class=\"wp-block-columns is-layout-flex wp-container-core-columns-is-layout-1 wp-block-columns-is-layout-flex\">\n<div class=\"wp-block-column is-layout-flow wp-block-column-is-layout-flow\">\n<h3 class=\"has-text-align-left wp-block-heading\">SAFETY<\/h3>\n\n\n\n<p id=\"tw-target-text\"><strong>Your safety and health is most important to us.<\/strong><\/p>\n\n\n\n<p id=\"tw-target-text\">We drive in peace and quiet. Our cars are unmarked, in perfect technical condition and their interiors are not only visually but also hygienically clean &#8211; treated with plant-based products from BactaKleen<\/p>\n<\/div>\n\n\n\n<div class=\"wp-block-column is-layout-flow wp-block-column-is-layout-flow\">\n<h3 class=\"wp-block-heading\" id=\"tw-target-text\">RELIABILITY<\/h3>\n\n\n\n<p id=\"tw-target-text\"><strong>You can always count on us.<\/strong><\/p>\n\n\n\n<p id=\"tw-target-text\">We will take you to any place at any time. Drivers are fully flexible and adapt to your schedule and requirements. You do not need the application to know where the car is located, because we are always on site on time and ready. But we still have it for you.<\/p>\n<\/div>\n\n\n\n<div class=\"wp-block-column is-layout-flow wp-block-column-is-layout-flow\">\n<h3 class=\"wp-block-heading\" id=\"tw-target-text\">PERSONAL APPROACH<\/h3>\n\n\n\n<p class=\"has-text-align-left\"><strong>Our services are a reflection of your needs.<\/strong><\/p>\n\n\n\n<p id=\"tw-target-text\">With each client, we set up services completely individually. From pickup of employees to production, airport transfers, transport of top management, to bus transport or car rental. In addition, we have a preferred group of drivers for each company.<\/p>\n<\/div>\n<\/div>\n\n\n\n<p><\/p>\n","protected":false},"excerpt":{"rendered":"<p>OUR SIGNIFICANT CLIENTS,THAT MATTERS ON THEIR TRAVEL MARKETING EVERGREEN? THESE ARE OUR VALUES, MAKE SURE YOURSELF SAFETY Your safety and health is most important to us. We drive in peace and quiet. Our cars are unmarked, in perfect technical condition and their interiors are not only visually but also hygienically clean &#8211; treated with plant-based [&hellip;]<\/p>\n","protected":false},"author":1,"featured_media":0,"parent":0,"menu_order":2,"comment_status":"closed","ping_status":"closed","template":"","meta":{"footnotes":""},"class_list":["post-12","page","type-page","status-publish","hentry"],"yoast_head":"<!-- This site is optimized with the Yoast SEO plugin v26.8 - https:\/\/yoast.com\/product\/yoast-seo-wordpress\/ -->\n<title>O n\u00e1s, na\u0161e hodnoty<\/title>\n<meta name=\"description\" content=\"O n\u00e1s, na\u0161e hodnoty\" \/>\n<meta name=\"robots\" content=\"index, follow, max-snippet:-1, max-image-preview:large, max-video-preview:-1\" \/>\n<link rel=\"canonical\" href=\"https:\/\/firm-transport.cz\/en\/o-nas\/\" \/>\n<meta property=\"og:locale\" content=\"en_US\" \/>\n<meta property=\"og:locale:alternate\" content=\"cs_CZ\" \/>\n<meta property=\"og:type\" content=\"article\" \/>\n<meta property=\"og:title\" content=\"O n\u00e1s, na\u0161e hodnoty\" \/>\n<meta property=\"og:description\" content=\"O n\u00e1s, na\u0161e hodnoty\" \/>\n<meta property=\"og:url\" content=\"https:\/\/firm-transport.cz\/en\/o-nas\/\" \/>\n<meta property=\"og:site_name\" content=\"Firm-Transport\" \/>\n<meta property=\"article:publisher\" content=\"https:\/\/www.facebook.com\/Corporate.and.personal.transportation.services\" \/>\n<meta property=\"article:modified_time\" content=\"2020-11-13T08:40:49+00:00\" \/>\n<meta property=\"og:image\" content=\"https:\/\/firm-transport.cz\/wp-content\/uploads\/2020\/10\/MARTIN_HAJEK.jpg\" \/>\n<meta name=\"twitter:card\" content=\"summary_large_image\" \/>\n<meta name=\"twitter:label1\" content=\"Est. reading time\" \/>\n\t<meta name=\"twitter:data1\" content=\"4 minutes\" \/>\n<script type=\"application\/ld+json\" class=\"yoast-schema-graph\">{\"@context\":\"https:\/\/schema.org\",\"@graph\":[{\"@type\":\"WebPage\",\"@id\":\"https:\/\/firm-transport.cz\/o-nas\/\",\"url\":\"https:\/\/firm-transport.cz\/o-nas\/\",\"name\":\"O n\u00e1s, na\u0161e hodnoty\",\"isPartOf\":{\"@id\":\"https:\/\/firm-transport.cz\/#website\"},\"primaryImageOfPage\":{\"@id\":\"https:\/\/firm-transport.cz\/o-nas\/#primaryimage\"},\"image\":{\"@id\":\"https:\/\/firm-transport.cz\/o-nas\/#primaryimage\"},\"thumbnailUrl\":\"https:\/\/firm-transport.cz\/wp-content\/uploads\/2020\/10\/MARTIN_HAJEK.jpg\",\"datePublished\":\"2020-10-21T06:40:33+00:00\",\"dateModified\":\"2020-11-13T08:40:49+00:00\",\"description\":\"O n\u00e1s, na\u0161e hodnoty\",\"inLanguage\":\"en-US\",\"potentialAction\":[{\"@type\":\"ReadAction\",\"target\":[\"https:\/\/firm-transport.cz\/o-nas\/\"]}]},{\"@type\":\"ImageObject\",\"inLanguage\":\"en-US\",\"@id\":\"https:\/\/firm-transport.cz\/o-nas\/#primaryimage\",\"url\":\"https:\/\/firm-transport.cz\/wp-content\/uploads\/2020\/10\/MARTIN_HAJEK.jpg\",\"contentUrl\":\"https:\/\/firm-transport.cz\/wp-content\/uploads\/2020\/10\/MARTIN_HAJEK.jpg\"},{\"@type\":\"WebSite\",\"@id\":\"https:\/\/firm-transport.cz\/#website\",\"url\":\"https:\/\/firm-transport.cz\/\",\"name\":\"Firm-Transport\",\"description\":\"Contractual transport of persons\",\"publisher\":{\"@id\":\"https:\/\/firm-transport.cz\/#organization\"},\"potentialAction\":[{\"@type\":\"SearchAction\",\"target\":{\"@type\":\"EntryPoint\",\"urlTemplate\":\"https:\/\/firm-transport.cz\/?s={search_term_string}\"},\"query-input\":{\"@type\":\"PropertyValueSpecification\",\"valueRequired\":true,\"valueName\":\"search_term_string\"}}],\"inLanguage\":\"en-US\"},{\"@type\":\"Organization\",\"@id\":\"https:\/\/firm-transport.cz\/#organization\",\"name\":\"Firm-Transport\",\"url\":\"https:\/\/firm-transport.cz\/\",\"logo\":{\"@type\":\"ImageObject\",\"inLanguage\":\"en-US\",\"@id\":\"https:\/\/firm-transport.cz\/#\/schema\/logo\/image\/\",\"url\":\"https:\/\/firm-transport.cz\/wp-content\/uploads\/2021\/02\/Logo-cerna-na-youtube.png\",\"contentUrl\":\"https:\/\/firm-transport.cz\/wp-content\/uploads\/2021\/02\/Logo-cerna-na-youtube.png\",\"width\":739,\"height\":732,\"caption\":\"Firm-Transport\"},\"image\":{\"@id\":\"https:\/\/firm-transport.cz\/#\/schema\/logo\/image\/\"},\"sameAs\":[\"https:\/\/www.facebook.com\/Corporate.and.personal.transportation.services\",\"https:\/\/www.linkedin.com\/company\/18340384\/admin\/\",\"https:\/\/www.youtube.com\/channel\/UCljIHbqVIqSQTSmoa9MgeDA\"]}]}<\/script>\n<!-- \/ Yoast SEO plugin. -->","yoast_head_json":{"title":"O n\u00e1s, na\u0161e hodnoty","description":"O n\u00e1s, na\u0161e hodnoty","robots":{"index":"index","follow":"follow","max-snippet":"max-snippet:-1","max-image-preview":"max-image-preview:large","max-video-preview":"max-video-preview:-1"},"canonical":"https:\/\/firm-transport.cz\/en\/o-nas\/","og_locale":"en_US","og_type":"article","og_title":"O n\u00e1s, na\u0161e hodnoty","og_description":"O n\u00e1s, na\u0161e hodnoty","og_url":"https:\/\/firm-transport.cz\/en\/o-nas\/","og_site_name":"Firm-Transport","article_publisher":"https:\/\/www.facebook.com\/Corporate.and.personal.transportation.services","article_modified_time":"2020-11-13T08:40:49+00:00","og_image":[{"url":"https:\/\/firm-transport.cz\/wp-content\/uploads\/2020\/10\/MARTIN_HAJEK.jpg","type":"","width":"","height":""}],"twitter_card":"summary_large_image","twitter_misc":{"Est. reading time":"4 minutes"},"schema":{"@context":"https:\/\/schema.org","@graph":[{"@type":"WebPage","@id":"https:\/\/firm-transport.cz\/o-nas\/","url":"https:\/\/firm-transport.cz\/o-nas\/","name":"O n\u00e1s, na\u0161e hodnoty","isPartOf":{"@id":"https:\/\/firm-transport.cz\/#website"},"primaryImageOfPage":{"@id":"https:\/\/firm-transport.cz\/o-nas\/#primaryimage"},"image":{"@id":"https:\/\/firm-transport.cz\/o-nas\/#primaryimage"},"thumbnailUrl":"https:\/\/firm-transport.cz\/wp-content\/uploads\/2020\/10\/MARTIN_HAJEK.jpg","datePublished":"2020-10-21T06:40:33+00:00","dateModified":"2020-11-13T08:40:49+00:00","description":"O n\u00e1s, na\u0161e hodnoty","inLanguage":"en-US","potentialAction":[{"@type":"ReadAction","target":["https:\/\/firm-transport.cz\/o-nas\/"]}]},{"@type":"ImageObject","inLanguage":"en-US","@id":"https:\/\/firm-transport.cz\/o-nas\/#primaryimage","url":"https:\/\/firm-transport.cz\/wp-content\/uploads\/2020\/10\/MARTIN_HAJEK.jpg","contentUrl":"https:\/\/firm-transport.cz\/wp-content\/uploads\/2020\/10\/MARTIN_HAJEK.jpg"},{"@type":"WebSite","@id":"https:\/\/firm-transport.cz\/#website","url":"https:\/\/firm-transport.cz\/","name":"Firm-Transport","description":"Contractual transport of persons","publisher":{"@id":"https:\/\/firm-transport.cz\/#organization"},"potentialAction":[{"@type":"SearchAction","target":{"@type":"EntryPoint","urlTemplate":"https:\/\/firm-transport.cz\/?s={search_term_string}"},"query-input":{"@type":"PropertyValueSpecification","valueRequired":true,"valueName":"search_term_string"}}],"inLanguage":"en-US"},{"@type":"Organization","@id":"https:\/\/firm-transport.cz\/#organization","name":"Firm-Transport","url":"https:\/\/firm-transport.cz\/","logo":{"@type":"ImageObject","inLanguage":"en-US","@id":"https:\/\/firm-transport.cz\/#\/schema\/logo\/image\/","url":"https:\/\/firm-transport.cz\/wp-content\/uploads\/2021\/02\/Logo-cerna-na-youtube.png","contentUrl":"https:\/\/firm-transport.cz\/wp-content\/uploads\/2021\/02\/Logo-cerna-na-youtube.png","width":739,"height":732,"caption":"Firm-Transport"},"image":{"@id":"https:\/\/firm-transport.cz\/#\/schema\/logo\/image\/"},"sameAs":["https:\/\/www.facebook.com\/Corporate.and.personal.transportation.services","https:\/\/www.linkedin.com\/company\/18340384\/admin\/","https:\/\/www.youtube.com\/channel\/UCljIHbqVIqSQTSmoa9MgeDA"]}]}},"_links":{"self":[{"href":"https:\/\/firm-transport.cz\/en\/wp-json\/wp\/v2\/pages\/12","targetHints":{"allow":["GET"]}}],"collection":[{"href":"https:\/\/firm-transport.cz\/en\/wp-json\/wp\/v2\/pages"}],"about":[{"href":"https:\/\/firm-transport.cz\/en\/wp-json\/wp\/v2\/types\/page"}],"author":[{"embeddable":true,"href":"https:\/\/firm-transport.cz\/en\/wp-json\/wp\/v2\/users\/1"}],"replies":[{"embeddable":true,"href":"https:\/\/firm-transport.cz\/en\/wp-json\/wp\/v2\/comments?post=12"}],"version-history":[{"count":34,"href":"https:\/\/firm-transport.cz\/en\/wp-json\/wp\/v2\/pages\/12\/revisions"}],"predecessor-version":[{"id":600,"href":"https:\/\/firm-transport.cz\/en\/wp-json\/wp\/v2\/pages\/12\/revisions\/600"}],"wp:attachment":[{"href":"https:\/\/firm-transport.cz\/en\/wp-json\/wp\/v2\/media?parent=12"}],"curies":[{"name":"wp","href":"https:\/\/api.w.org\/{rel}","templated":true}]}}